{"id":3813,"date":"2022-03-28T13:49:31","date_gmt":"2022-03-28T11:49:31","guid":{"rendered":"https:\/\/pelgaard.dk\/das-unternehmen\/"},"modified":"2023-01-31T17:55:32","modified_gmt":"2023-01-31T16:55:32","slug":"das-unternehmen","status":"publish","type":"page","link":"https:\/\/pelgaard.dk\/de\/das-unternehmen\/","title":{"rendered":"Das Unternehmen"},"content":{"rendered":"<section class=\"wpb-content-wrapper\"><p>[vc_row full_width=&#8220;stretch_row&#8220;][vc_column]<div class=\"ult-spacer spacer-69f8b64523a02\" data-id=\"69f8b64523a02\" data-height=\"90\" data-height-mobile=\"60\" data-height-tab=\"90\" data-height-tab-portrait=\"60\" data-height-mobile-landscape=\"60\" style=\"clear:both;display:block;\"><\/div>[vc_row_inner][vc_column_inner offset=&#8220;vc_col-lg-8 vc_col-md-8 vc_col-xs-12&#8243;][vc_column_text]<\/p>\n<h2>\u00dcber P. Elgaard Eftf. ApS<\/h2>\n<p>Bei P. Elgaard Eftf. ApS haben wir uns auf Qualit\u00e4tsprodukte f\u00fcr Fahnenmasten spezialisiert. Wir haben \u00fcber 25 Jahre Erfahrung in der Branche und haben immer Wert auf hohe Qualit\u00e4t, starke Materialien und gute Produkte gelegt. Das bedeutet unter anderem, dass alle Produkte vor dem Versand auf Herz und Nieren gepr\u00fcft werden.<\/p>\n<h3>Wir verkaufen hochwertiges Zubeh\u00f6r f\u00fcr Fahnenmasten<\/h3>\n<p>Wir stellen Halterungen f\u00fcr Fahnenmasten sowohl aus Aluminium als auch aus Fiberglas her und entwickeln gerne neue Halterungen in Zusammenarbeit mit Kunden. Dabei haben wir immer eine gute Kommunikation mit dem Kunden und sorgen auch f\u00fcr eine schnelle Lieferung.<\/p>\n<p>Diebstahlsicherung von Flaggen und Bannern\u200b Damit wollen wir dazu beitragen, dass Ihre Flaggen und Wimpel und die Ihrer Kunden gesch\u00fctzt sind.<\/p>\n<p>Wir haben eine Reihe Diebstahlsicherungen mit innen verlaufenden Leinen entwickelt, um Diebstahl und Vandalismus vorzubeugen.<\/p>\n<h3>Unsere Produkte werden auf Basis langj\u00e4hriger Erfahrung entwickelt<\/h3>\n<p>Seit Jahren werden unsere Diebstahlsicherungen, Bannersysteme und Gegengewichte weltweit in vielen L\u00e4ndern getestet. \u200b Das bedeutet, dass unsere aktuelle Produktgeneration auf der Grundlage unserer vielen gesammelten Erfahrungen hergestellt wird. \u200bDank verschiedenartiger Vorrichtungen ist es m\u00f6glich, die Leinen in hohlen Fahnenmasten aus Glasfiber oder Aluminium zu sichern.<\/p>\n<p>Wenn Sie weitere Informationen zu den Produkten w\u00fcnschen, wenden Sie sich bitte an uns. Sie k\u00f6nnen uns unter <a href=\"tel:98909061\">+45 98 90 90 61<\/a> anrufen. Sie k\u00f6nnen uns nat\u00fcrlich auch an <a href=\"mailto:claus@pelgaard.dk\">claus@pelgaard.dk<\/a> schreiben.[\/vc_column_text][vc_empty_space height=&#8220;30px&#8220;][vc_media_grid grid_id=&#8220;vc_gid:1648548465732-153f21e1-902f-2&#8243; include=&#8220;3280,3281&#8243;]<div class=\"ult-spacer spacer-69f8b64523a40\" data-id=\"69f8b64523a40\" data-height=\"0\" data-height-mobile=\"30\" data-height-tab=\"0\" data-height-tab-portrait=\"30\" data-height-mobile-landscape=\"30\" style=\"clear:both;display:block;\"><\/div>[\/vc_column_inner][vc_column_inner offset=&#8220;vc_col-lg-4 vc_col-md-4 vc_col-xs-12&#8243;][vc_widget_sidebar sidebar_id=&#8220;sidebar-1&#8243; el_class=&#8220;contact-sidebar&#8220;][\/vc_column_inner][\/vc_row_inner]<div class=\"ult-spacer spacer-69f8b64523a63\" data-id=\"69f8b64523a63\" data-height=\"90\" data-height-mobile=\"60\" data-height-tab=\"90\" data-height-tab-portrait=\"60\" data-height-mobile-landscape=\"60\" style=\"clear:both;display:block;\"><\/div>[\/vc_column][\/vc_row]<\/p>\n<\/section>","protected":false},"excerpt":{"rendered":"<p>Bei P. Elgaard Eftf. ApS haben wir uns auf Qualit\u00e4tsprodukte f\u00fcr Fahnenmasten spezialisiert.<\/p>\n","protected":false},"author":1,"featured_media":0,"parent":0,"menu_order":1,"comment_status":"closed","ping_status":"closed","template":"","meta":{"_acf_changed":false,"footnotes":""},"categories":[],"acf":[],"yoast_head":"<!-- This site is optimized with the Yoast SEO plugin v20.10 - https:\/\/yoast.com\/wordpress\/plugins\/seo\/ -->\n<title>Das Unternehmen &middot; P. Elgaard eftf. ApS<\/title>\n<meta name=\"robots\" content=\"index, follow, max-snippet:-1, max-image-preview:large, max-video-preview:-1\" \/>\n<link rel=\"canonical\" href=\"https:\/\/pelgaard.dk\/de\/das-unternehmen\/\" \/>\n<meta property=\"og:locale\" content=\"de_DE\" \/>\n<meta property=\"og:type\" content=\"article\" \/>\n<meta property=\"og:title\" content=\"Das Unternehmen &middot; P. Elgaard eftf. ApS\" \/>\n<meta property=\"og:description\" content=\"Bei P. Elgaard Eftf. ApS haben wir uns auf Qualit\u00e4tsprodukte f\u00fcr Fahnenmasten spezialisiert.\" \/>\n<meta property=\"og:url\" content=\"https:\/\/pelgaard.dk\/de\/das-unternehmen\/\" \/>\n<meta property=\"og:site_name\" content=\"P. Elgaard eftf. ApS\" \/>\n<meta property=\"article:modified_time\" content=\"2023-01-31T16:55:32+00:00\" \/>\n<meta name=\"twitter:card\" content=\"summary_large_image\" \/>\n<meta name=\"twitter:label1\" content=\"Gesch\u00e4tzte Lesezeit\" \/>\n\t<meta name=\"twitter:data1\" content=\"2\u00a0Minuten\" \/>\n<script type=\"application\/ld+json\" class=\"yoast-schema-graph\">{\"@context\":\"https:\/\/schema.org\",\"@graph\":[{\"@type\":\"WebPage\",\"@id\":\"https:\/\/pelgaard.dk\/de\/das-unternehmen\/\",\"url\":\"https:\/\/pelgaard.dk\/de\/das-unternehmen\/\",\"name\":\"Das Unternehmen &middot; P. Elgaard eftf. ApS\",\"isPartOf\":{\"@id\":\"https:\/\/pelgaard.dk\/de\/#website\"},\"datePublished\":\"2022-03-28T11:49:31+00:00\",\"dateModified\":\"2023-01-31T16:55:32+00:00\",\"breadcrumb\":{\"@id\":\"https:\/\/pelgaard.dk\/de\/das-unternehmen\/#breadcrumb\"},\"inLanguage\":\"de\",\"potentialAction\":[{\"@type\":\"ReadAction\",\"target\":[\"https:\/\/pelgaard.dk\/de\/das-unternehmen\/\"]}]},{\"@type\":\"BreadcrumbList\",\"@id\":\"https:\/\/pelgaard.dk\/de\/das-unternehmen\/#breadcrumb\",\"itemListElement\":[{\"@type\":\"ListItem\",\"position\":1,\"name\":\"Hjem\",\"item\":\"https:\/\/pelgaard.dk\/de\/\"},{\"@type\":\"ListItem\",\"position\":2,\"name\":\"Das Unternehmen\"}]},{\"@type\":\"WebSite\",\"@id\":\"https:\/\/pelgaard.dk\/de\/#website\",\"url\":\"https:\/\/pelgaard.dk\/de\/\",\"name\":\"P. Elgaard eftf. ApS\",\"description\":\"Bannersystemer, flagstangsbeslag og tyverisikring i Hj\u00f8rring\",\"publisher\":{\"@id\":\"https:\/\/pelgaard.dk\/de\/#organization\"},\"potentialAction\":[{\"@type\":\"SearchAction\",\"target\":{\"@type\":\"EntryPoint\",\"urlTemplate\":\"https:\/\/pelgaard.dk\/de\/?s={search_term_string}\"},\"query-input\":\"required name=search_term_string\"}],\"inLanguage\":\"de\"},{\"@type\":\"Organization\",\"@id\":\"https:\/\/pelgaard.dk\/de\/#organization\",\"name\":\"P. Elgaard eftf. ApS\",\"url\":\"https:\/\/pelgaard.dk\/de\/\",\"logo\":{\"@type\":\"ImageObject\",\"inLanguage\":\"de\",\"@id\":\"https:\/\/pelgaard.dk\/de\/#\/schema\/logo\/image\/\",\"url\":\"https:\/\/pelgaard.dk\/wp-content\/uploads\/2022\/03\/logo-9.png\",\"contentUrl\":\"https:\/\/pelgaard.dk\/wp-content\/uploads\/2022\/03\/logo-9.png\",\"width\":361,\"height\":66,\"caption\":\"P. Elgaard eftf. ApS\"},\"image\":{\"@id\":\"https:\/\/pelgaard.dk\/de\/#\/schema\/logo\/image\/\"}}]}<\/script>\n<!-- \/ Yoast SEO plugin. -->","yoast_head_json":{"title":"Das Unternehmen &middot; P. Elgaard eftf. ApS","robots":{"index":"index","follow":"follow","max-snippet":"max-snippet:-1","max-image-preview":"max-image-preview:large","max-video-preview":"max-video-preview:-1"},"canonical":"https:\/\/pelgaard.dk\/de\/das-unternehmen\/","og_locale":"de_DE","og_type":"article","og_title":"Das Unternehmen &middot; P. Elgaard eftf. ApS","og_description":"Bei P. Elgaard Eftf. ApS haben wir uns auf Qualit\u00e4tsprodukte f\u00fcr Fahnenmasten spezialisiert.","og_url":"https:\/\/pelgaard.dk\/de\/das-unternehmen\/","og_site_name":"P. Elgaard eftf. ApS","article_modified_time":"2023-01-31T16:55:32+00:00","twitter_card":"summary_large_image","twitter_misc":{"Gesch\u00e4tzte Lesezeit":"2\u00a0Minuten"},"schema":{"@context":"https:\/\/schema.org","@graph":[{"@type":"WebPage","@id":"https:\/\/pelgaard.dk\/de\/das-unternehmen\/","url":"https:\/\/pelgaard.dk\/de\/das-unternehmen\/","name":"Das Unternehmen &middot; P. Elgaard eftf. ApS","isPartOf":{"@id":"https:\/\/pelgaard.dk\/de\/#website"},"datePublished":"2022-03-28T11:49:31+00:00","dateModified":"2023-01-31T16:55:32+00:00","breadcrumb":{"@id":"https:\/\/pelgaard.dk\/de\/das-unternehmen\/#breadcrumb"},"inLanguage":"de","potentialAction":[{"@type":"ReadAction","target":["https:\/\/pelgaard.dk\/de\/das-unternehmen\/"]}]},{"@type":"BreadcrumbList","@id":"https:\/\/pelgaard.dk\/de\/das-unternehmen\/#breadcrumb","itemListElement":[{"@type":"ListItem","position":1,"name":"Hjem","item":"https:\/\/pelgaard.dk\/de\/"},{"@type":"ListItem","position":2,"name":"Das Unternehmen"}]},{"@type":"WebSite","@id":"https:\/\/pelgaard.dk\/de\/#website","url":"https:\/\/pelgaard.dk\/de\/","name":"P. Elgaard eftf. ApS","description":"Bannersystemer, flagstangsbeslag og tyverisikring i Hj\u00f8rring","publisher":{"@id":"https:\/\/pelgaard.dk\/de\/#organization"},"potentialAction":[{"@type":"SearchAction","target":{"@type":"EntryPoint","urlTemplate":"https:\/\/pelgaard.dk\/de\/?s={search_term_string}"},"query-input":"required name=search_term_string"}],"inLanguage":"de"},{"@type":"Organization","@id":"https:\/\/pelgaard.dk\/de\/#organization","name":"P. Elgaard eftf. ApS","url":"https:\/\/pelgaard.dk\/de\/","logo":{"@type":"ImageObject","inLanguage":"de","@id":"https:\/\/pelgaard.dk\/de\/#\/schema\/logo\/image\/","url":"https:\/\/pelgaard.dk\/wp-content\/uploads\/2022\/03\/logo-9.png","contentUrl":"https:\/\/pelgaard.dk\/wp-content\/uploads\/2022\/03\/logo-9.png","width":361,"height":66,"caption":"P. Elgaard eftf. ApS"},"image":{"@id":"https:\/\/pelgaard.dk\/de\/#\/schema\/logo\/image\/"}}]}},"_links":{"self":[{"href":"https:\/\/pelgaard.dk\/de\/wp-json\/wp\/v2\/pages\/3813"}],"collection":[{"href":"https:\/\/pelgaard.dk\/de\/wp-json\/wp\/v2\/pages"}],"about":[{"href":"https:\/\/pelgaard.dk\/de\/wp-json\/wp\/v2\/types\/page"}],"author":[{"embeddable":true,"href":"https:\/\/pelgaard.dk\/de\/wp-json\/wp\/v2\/users\/1"}],"replies":[{"embeddable":true,"href":"https:\/\/pelgaard.dk\/de\/wp-json\/wp\/v2\/comments?post=3813"}],"version-history":[{"count":2,"href":"https:\/\/pelgaard.dk\/de\/wp-json\/wp\/v2\/pages\/3813\/revisions"}],"predecessor-version":[{"id":3815,"href":"https:\/\/pelgaard.dk\/de\/wp-json\/wp\/v2\/pages\/3813\/revisions\/3815"}],"wp:attachment":[{"href":"https:\/\/pelgaard.dk\/de\/wp-json\/wp\/v2\/media?parent=3813"}],"wp:term":[{"taxonomy":"category","embeddable":true,"href":"https:\/\/pelgaard.dk\/de\/wp-json\/wp\/v2\/categories?post=3813"}],"curies":[{"name":"wp","href":"https:\/\/api.w.org\/{rel}","templated":true}]}}