{"id":3861,"date":"2022-03-28T13:49:31","date_gmt":"2022-03-28T11:49:31","guid":{"rendered":"https:\/\/pelgaard.dk\/diebstahlsicherung-nr-83\/"},"modified":"2023-01-31T18:20:56","modified_gmt":"2023-01-31T17:20:56","slug":"diebstahlsicherung-nr-83","status":"publish","type":"page","link":"https:\/\/pelgaard.dk\/de\/diebstahlsicherung-nr-83\/","title":{"rendered":"Diebstahlsicherung nr. 83"},"content":{"rendered":"<section class=\"wpb-content-wrapper\"><p>[vc_row full_width=&#8220;stretch_row&#8220;][vc_column]<div class=\"ult-spacer spacer-69f8b96832797\" data-id=\"69f8b96832797\" data-height=\"90\" data-height-mobile=\"60\" data-height-tab=\"90\" data-height-tab-portrait=\"60\" data-height-mobile-landscape=\"60\" style=\"clear:both;display:block;\"><\/div>[vc_row_inner][vc_column_inner offset=&#8220;vc_col-lg-8 vc_col-md-8 vc_col-xs-12&#8243;][vc_column_text]<\/p>\n<h2>Lesen Sie mehr \u00fcber die Diebstahlsicherung nr. 83<\/h2>\n<p>Diese eignet sich f\u00fcr Fahnenmasten bis 12 m L\u00e4nge. Die Armatur besteht aus Edelstahl und wird mit wei\u00dfer oder grauer Oberfl\u00e4che geliefert. Es gibt keine von au\u00dfen sichtbaren Schrauben oder Nieten. Es wird mit einer internen Halterung montiert.<\/p>\n<p>Weitere Informationen erhalten Sie, wenn Sie <a href=\"\/wp-content\/uploads\/2022\/03\/36-data-beslag-nr-83.pdf\" target=\"_blank\" rel=\"noopener\">hier<\/a> klicken.[\/vc_column_text][vc_empty_space height=&#8220;30px&#8220;][vc_media_grid gap=&#8220;15&#8243; grid_id=&#8220;vc_gid:1648538399617-c47aa472-4b06-8&#8243; include=&#8220;3339,3340,3341,3342,3343&#8243;]<div class=\"ult-spacer spacer-69f8b968327dd\" data-id=\"69f8b968327dd\" data-height=\"0\" data-height-mobile=\"30\" data-height-tab=\"0\" data-height-tab-portrait=\"30\" data-height-mobile-landscape=\"30\" style=\"clear:both;display:block;\"><\/div>[\/vc_column_inner][vc_column_inner offset=&#8220;vc_col-lg-4 vc_col-md-4 vc_col-xs-12&#8243;][vc_widget_sidebar sidebar_id=&#8220;sidebar-1&#8243; el_class=&#8220;contact-sidebar&#8220;][\/vc_column_inner][\/vc_row_inner]<div class=\"ult-spacer spacer-69f8b96832801\" data-id=\"69f8b96832801\" data-height=\"90\" data-height-mobile=\"60\" data-height-tab=\"90\" data-height-tab-portrait=\"60\" data-height-mobile-landscape=\"60\" style=\"clear:both;display:block;\"><\/div>[\/vc_column][\/vc_row]<\/p>\n<\/section>","protected":false},"excerpt":{"rendered":"<p>[vc_row full_width=&#8220;stretch_row&#8220;][vc_column][vc_row_inner][vc_column_inner offset=&#8220;vc_col-lg-8 vc_col-md-8 vc_col-xs-12&#8243;][vc_column_text] Lesen Sie mehr \u00fcber die Diebstahlsicherung nr. 83 Diese eignet sich f\u00fcr Fahnenmasten bis 12 m L\u00e4nge. Die Armatur besteht aus Edelstahl und wird mit wei\u00dfer oder grauer Oberfl\u00e4che geliefert. Es gibt keine von au\u00dfen sichtbaren Schrauben oder Nieten. Es wird mit einer internen Halterung montiert. Weitere Informationen erhalten Sie, &#8230; <a title=\"Diebstahlsicherung nr. 83\" class=\"read-more\" href=\"https:\/\/pelgaard.dk\/de\/diebstahlsicherung-nr-83\/\" aria-label=\"Mehr zu Diebstahlsicherung nr. 83\">Weiterlesen &#8230;<\/a><\/p>\n","protected":false},"author":1,"featured_media":3557,"parent":0,"menu_order":7,"comment_status":"closed","ping_status":"closed","template":"","meta":{"_acf_changed":false,"footnotes":""},"categories":[34],"acf":[],"yoast_head":"<!-- This site is optimized with the Yoast SEO plugin v20.10 - https:\/\/yoast.com\/wordpress\/plugins\/seo\/ -->\n<title>Diebstahlsicherung nr. 83 &middot; P. Elgaard eftf. ApS<\/title>\n<meta name=\"robots\" content=\"index, follow, max-snippet:-1, max-image-preview:large, max-video-preview:-1\" \/>\n<link rel=\"canonical\" href=\"https:\/\/pelgaard.dk\/de\/diebstahlsicherung-nr-83\/\" \/>\n<meta property=\"og:locale\" content=\"de_DE\" \/>\n<meta property=\"og:type\" content=\"article\" \/>\n<meta property=\"og:title\" content=\"Diebstahlsicherung nr. 83 &middot; P. Elgaard eftf. ApS\" \/>\n<meta property=\"og:description\" content=\"[vc_row full_width=&#8220;stretch_row&#8220;][vc_column][vc_row_inner][vc_column_inner offset=&#8220;vc_col-lg-8 vc_col-md-8 vc_col-xs-12&#8243;][vc_column_text] Lesen Sie mehr \u00fcber die Diebstahlsicherung nr. 83 Diese eignet sich f\u00fcr Fahnenmasten bis 12 m L\u00e4nge. Die Armatur besteht aus Edelstahl und wird mit wei\u00dfer oder grauer Oberfl\u00e4che geliefert. Es gibt keine von au\u00dfen sichtbaren Schrauben oder Nieten. Es wird mit einer internen Halterung montiert. Weitere Informationen erhalten Sie, ... Weiterlesen ...\" \/>\n<meta property=\"og:url\" content=\"https:\/\/pelgaard.dk\/de\/diebstahlsicherung-nr-83\/\" \/>\n<meta property=\"og:site_name\" content=\"P. Elgaard eftf. ApS\" \/>\n<meta property=\"article:modified_time\" content=\"2023-01-31T17:20:56+00:00\" \/>\n<meta property=\"og:image\" content=\"https:\/\/pelgaard.dk\/wp-content\/uploads\/2022\/03\/dsc06328-837.jpg\" \/>\n\t<meta property=\"og:image:width\" content=\"1500\" \/>\n\t<meta property=\"og:image:height\" content=\"1084\" \/>\n\t<meta property=\"og:image:type\" content=\"image\/jpeg\" \/>\n<meta name=\"twitter:card\" content=\"summary_large_image\" \/>\n<meta name=\"twitter:label1\" content=\"Gesch\u00e4tzte Lesezeit\" \/>\n\t<meta name=\"twitter:data1\" content=\"1\u00a0Minute\" \/>\n<script type=\"application\/ld+json\" class=\"yoast-schema-graph\">{\"@context\":\"https:\/\/schema.org\",\"@graph\":[{\"@type\":\"WebPage\",\"@id\":\"https:\/\/pelgaard.dk\/de\/diebstahlsicherung-nr-83\/\",\"url\":\"https:\/\/pelgaard.dk\/de\/diebstahlsicherung-nr-83\/\",\"name\":\"Diebstahlsicherung nr. 83 &middot; P. Elgaard eftf. ApS\",\"isPartOf\":{\"@id\":\"https:\/\/pelgaard.dk\/de\/#website\"},\"datePublished\":\"2022-03-28T11:49:31+00:00\",\"dateModified\":\"2023-01-31T17:20:56+00:00\",\"breadcrumb\":{\"@id\":\"https:\/\/pelgaard.dk\/de\/diebstahlsicherung-nr-83\/#breadcrumb\"},\"inLanguage\":\"de\",\"potentialAction\":[{\"@type\":\"ReadAction\",\"target\":[\"https:\/\/pelgaard.dk\/de\/diebstahlsicherung-nr-83\/\"]}]},{\"@type\":\"BreadcrumbList\",\"@id\":\"https:\/\/pelgaard.dk\/de\/diebstahlsicherung-nr-83\/#breadcrumb\",\"itemListElement\":[{\"@type\":\"ListItem\",\"position\":1,\"name\":\"Hjem\",\"item\":\"https:\/\/pelgaard.dk\/de\/\"},{\"@type\":\"ListItem\",\"position\":2,\"name\":\"Diebstahlsicherung nr. 83\"}]},{\"@type\":\"WebSite\",\"@id\":\"https:\/\/pelgaard.dk\/de\/#website\",\"url\":\"https:\/\/pelgaard.dk\/de\/\",\"name\":\"P. Elgaard eftf. ApS\",\"description\":\"Bannersystemer, flagstangsbeslag og tyverisikring i Hj\u00f8rring\",\"publisher\":{\"@id\":\"https:\/\/pelgaard.dk\/de\/#organization\"},\"potentialAction\":[{\"@type\":\"SearchAction\",\"target\":{\"@type\":\"EntryPoint\",\"urlTemplate\":\"https:\/\/pelgaard.dk\/de\/?s={search_term_string}\"},\"query-input\":\"required name=search_term_string\"}],\"inLanguage\":\"de\"},{\"@type\":\"Organization\",\"@id\":\"https:\/\/pelgaard.dk\/de\/#organization\",\"name\":\"P. Elgaard eftf. ApS\",\"url\":\"https:\/\/pelgaard.dk\/de\/\",\"logo\":{\"@type\":\"ImageObject\",\"inLanguage\":\"de\",\"@id\":\"https:\/\/pelgaard.dk\/de\/#\/schema\/logo\/image\/\",\"url\":\"https:\/\/pelgaard.dk\/wp-content\/uploads\/2022\/03\/logo-9.png\",\"contentUrl\":\"https:\/\/pelgaard.dk\/wp-content\/uploads\/2022\/03\/logo-9.png\",\"width\":361,\"height\":66,\"caption\":\"P. Elgaard eftf. ApS\"},\"image\":{\"@id\":\"https:\/\/pelgaard.dk\/de\/#\/schema\/logo\/image\/\"}}]}<\/script>\n<!-- \/ Yoast SEO plugin. -->","yoast_head_json":{"title":"Diebstahlsicherung nr. 83 &middot; P. Elgaard eftf. ApS","robots":{"index":"index","follow":"follow","max-snippet":"max-snippet:-1","max-image-preview":"max-image-preview:large","max-video-preview":"max-video-preview:-1"},"canonical":"https:\/\/pelgaard.dk\/de\/diebstahlsicherung-nr-83\/","og_locale":"de_DE","og_type":"article","og_title":"Diebstahlsicherung nr. 83 &middot; P. Elgaard eftf. ApS","og_description":"[vc_row full_width=&#8220;stretch_row&#8220;][vc_column][vc_row_inner][vc_column_inner offset=&#8220;vc_col-lg-8 vc_col-md-8 vc_col-xs-12&#8243;][vc_column_text] Lesen Sie mehr \u00fcber die Diebstahlsicherung nr. 83 Diese eignet sich f\u00fcr Fahnenmasten bis 12 m L\u00e4nge. Die Armatur besteht aus Edelstahl und wird mit wei\u00dfer oder grauer Oberfl\u00e4che geliefert. Es gibt keine von au\u00dfen sichtbaren Schrauben oder Nieten. Es wird mit einer internen Halterung montiert. Weitere Informationen erhalten Sie, ... Weiterlesen ...","og_url":"https:\/\/pelgaard.dk\/de\/diebstahlsicherung-nr-83\/","og_site_name":"P. Elgaard eftf. ApS","article_modified_time":"2023-01-31T17:20:56+00:00","og_image":[{"width":1500,"height":1084,"url":"https:\/\/pelgaard.dk\/wp-content\/uploads\/2022\/03\/dsc06328-837.jpg","type":"image\/jpeg"}],"twitter_card":"summary_large_image","twitter_misc":{"Gesch\u00e4tzte Lesezeit":"1\u00a0Minute"},"schema":{"@context":"https:\/\/schema.org","@graph":[{"@type":"WebPage","@id":"https:\/\/pelgaard.dk\/de\/diebstahlsicherung-nr-83\/","url":"https:\/\/pelgaard.dk\/de\/diebstahlsicherung-nr-83\/","name":"Diebstahlsicherung nr. 83 &middot; P. Elgaard eftf. ApS","isPartOf":{"@id":"https:\/\/pelgaard.dk\/de\/#website"},"datePublished":"2022-03-28T11:49:31+00:00","dateModified":"2023-01-31T17:20:56+00:00","breadcrumb":{"@id":"https:\/\/pelgaard.dk\/de\/diebstahlsicherung-nr-83\/#breadcrumb"},"inLanguage":"de","potentialAction":[{"@type":"ReadAction","target":["https:\/\/pelgaard.dk\/de\/diebstahlsicherung-nr-83\/"]}]},{"@type":"BreadcrumbList","@id":"https:\/\/pelgaard.dk\/de\/diebstahlsicherung-nr-83\/#breadcrumb","itemListElement":[{"@type":"ListItem","position":1,"name":"Hjem","item":"https:\/\/pelgaard.dk\/de\/"},{"@type":"ListItem","position":2,"name":"Diebstahlsicherung nr. 83"}]},{"@type":"WebSite","@id":"https:\/\/pelgaard.dk\/de\/#website","url":"https:\/\/pelgaard.dk\/de\/","name":"P. Elgaard eftf. ApS","description":"Bannersystemer, flagstangsbeslag og tyverisikring i Hj\u00f8rring","publisher":{"@id":"https:\/\/pelgaard.dk\/de\/#organization"},"potentialAction":[{"@type":"SearchAction","target":{"@type":"EntryPoint","urlTemplate":"https:\/\/pelgaard.dk\/de\/?s={search_term_string}"},"query-input":"required name=search_term_string"}],"inLanguage":"de"},{"@type":"Organization","@id":"https:\/\/pelgaard.dk\/de\/#organization","name":"P. Elgaard eftf. ApS","url":"https:\/\/pelgaard.dk\/de\/","logo":{"@type":"ImageObject","inLanguage":"de","@id":"https:\/\/pelgaard.dk\/de\/#\/schema\/logo\/image\/","url":"https:\/\/pelgaard.dk\/wp-content\/uploads\/2022\/03\/logo-9.png","contentUrl":"https:\/\/pelgaard.dk\/wp-content\/uploads\/2022\/03\/logo-9.png","width":361,"height":66,"caption":"P. Elgaard eftf. ApS"},"image":{"@id":"https:\/\/pelgaard.dk\/de\/#\/schema\/logo\/image\/"}}]}},"_links":{"self":[{"href":"https:\/\/pelgaard.dk\/de\/wp-json\/wp\/v2\/pages\/3861"}],"collection":[{"href":"https:\/\/pelgaard.dk\/de\/wp-json\/wp\/v2\/pages"}],"about":[{"href":"https:\/\/pelgaard.dk\/de\/wp-json\/wp\/v2\/types\/page"}],"author":[{"embeddable":true,"href":"https:\/\/pelgaard.dk\/de\/wp-json\/wp\/v2\/users\/1"}],"replies":[{"embeddable":true,"href":"https:\/\/pelgaard.dk\/de\/wp-json\/wp\/v2\/comments?post=3861"}],"version-history":[{"count":2,"href":"https:\/\/pelgaard.dk\/de\/wp-json\/wp\/v2\/pages\/3861\/revisions"}],"predecessor-version":[{"id":3863,"href":"https:\/\/pelgaard.dk\/de\/wp-json\/wp\/v2\/pages\/3861\/revisions\/3863"}],"wp:featuredmedia":[{"embeddable":true,"href":"https:\/\/pelgaard.dk\/de\/wp-json\/wp\/v2\/media\/3557"}],"wp:attachment":[{"href":"https:\/\/pelgaard.dk\/de\/wp-json\/wp\/v2\/media?parent=3861"}],"wp:term":[{"taxonomy":"category","embeddable":true,"href":"https:\/\/pelgaard.dk\/de\/wp-json\/wp\/v2\/categories?post=3861"}],"curies":[{"name":"wp","href":"https:\/\/api.w.org\/{rel}","templated":true}]}}