{"id":3870,"date":"2022-03-28T13:49:31","date_gmt":"2022-03-28T11:49:31","guid":{"rendered":"https:\/\/pelgaard.dk\/gegengewicht\/"},"modified":"2023-01-31T18:25:26","modified_gmt":"2023-01-31T17:25:26","slug":"gegengewicht","status":"publish","type":"page","link":"https:\/\/pelgaard.dk\/de\/gegengewicht\/","title":{"rendered":"Gegengewicht"},"content":{"rendered":"<section class=\"wpb-content-wrapper\"><p>[vc_row full_width=&#8220;stretch_row&#8220;][vc_column]<div class=\"ult-spacer spacer-69f5139f28827\" data-id=\"69f5139f28827\" data-height=\"90\" data-height-mobile=\"60\" data-height-tab=\"90\" data-height-tab-portrait=\"60\" data-height-mobile-landscape=\"60\" style=\"clear:both;display:block;\"><\/div>[vc_row_inner][vc_column_inner offset=&#8220;vc_col-lg-8 vc_col-md-8 vc_col-xs-12&#8243;][vc_column_text]<\/p>\n<h2>Lesen Sie mehr \u00fcber Gegengewicht<\/h2>\n<p>Das Gegengewicht wird standardm\u00e4\u00dfig in 4 verschiedenen Gr\u00f6\u00dfen geliefert. Es besteht aus wei\u00dfem oder grauem Jamoflex-Schlauch mit einer Edelstahlhalterung f\u00fcr einen Fahnenhaken. Sie k\u00f6nnen einen C-Haken oder Karabiner kaufen.<\/p>\n<p>Weitere Informationen erhalten Sie <a href=\"https:\/\/pelgaard.dk\/de\/kontakt-uns\/\">hier<\/a>.<\/p>\n<p>Weitere Informationen erhalten Sie, wenn Sie <a href=\"\/wp-content\/uploads\/2022\/03\/37-kontravaegt.pdf\" target=\"_blank\" rel=\"noopener\">hier<\/a> klicken.[\/vc_column_text][vc_empty_space height=&#8220;30px&#8220;][vc_media_grid gap=&#8220;15&#8243; grid_id=&#8220;vc_gid:1648538106527-e5cd20c7-bc0f-0&#8243; include=&#8220;3346,3347,3348,3349,3350&#8243;]<div class=\"ult-spacer spacer-69f5139f2888e\" data-id=\"69f5139f2888e\" data-height=\"0\" data-height-mobile=\"30\" data-height-tab=\"0\" data-height-tab-portrait=\"30\" data-height-mobile-landscape=\"30\" style=\"clear:both;display:block;\"><\/div>[\/vc_column_inner][vc_column_inner offset=&#8220;vc_col-lg-4 vc_col-md-4 vc_col-xs-12&#8243;][vc_widget_sidebar sidebar_id=&#8220;sidebar-1&#8243; el_class=&#8220;contact-sidebar&#8220;][\/vc_column_inner][\/vc_row_inner]<div class=\"ult-spacer spacer-69f5139f288bf\" data-id=\"69f5139f288bf\" data-height=\"90\" data-height-mobile=\"60\" data-height-tab=\"90\" data-height-tab-portrait=\"60\" data-height-mobile-landscape=\"60\" style=\"clear:both;display:block;\"><\/div>[\/vc_column][\/vc_row]<\/p>\n<\/section>","protected":false},"excerpt":{"rendered":"<p>[vc_row full_width=&#8220;stretch_row&#8220;][vc_column][vc_row_inner][vc_column_inner offset=&#8220;vc_col-lg-8 vc_col-md-8 vc_col-xs-12&#8243;][vc_column_text] Lesen Sie mehr \u00fcber Gegengewicht Das Gegengewicht wird standardm\u00e4\u00dfig in 4 verschiedenen Gr\u00f6\u00dfen geliefert. Es besteht aus wei\u00dfem oder grauem Jamoflex-Schlauch mit einer Edelstahlhalterung f\u00fcr einen Fahnenhaken. Sie k\u00f6nnen einen C-Haken oder Karabiner kaufen. Weitere Informationen erhalten Sie hier. Weitere Informationen erhalten Sie, wenn Sie hier klicken.[\/vc_column_text][vc_empty_space height=&#8220;30px&#8220;][vc_media_grid gap=&#8220;15&#8243; grid_id=&#8220;vc_gid:1648538106527-e5cd20c7-bc0f-0&#8243; &#8230; <a title=\"Gegengewicht\" class=\"read-more\" href=\"https:\/\/pelgaard.dk\/de\/gegengewicht\/\" aria-label=\"Mehr zu Gegengewicht\">Weiterlesen &#8230;<\/a><\/p>\n","protected":false},"author":1,"featured_media":3578,"parent":0,"menu_order":8,"comment_status":"closed","ping_status":"closed","template":"","meta":{"_acf_changed":false,"footnotes":""},"categories":[34],"acf":[],"yoast_head":"<!-- This site is optimized with the Yoast SEO plugin v20.10 - https:\/\/yoast.com\/wordpress\/plugins\/seo\/ -->\n<title>Gegengewicht &middot; P. Elgaard eftf. ApS<\/title>\n<meta name=\"robots\" content=\"index, follow, max-snippet:-1, max-image-preview:large, max-video-preview:-1\" \/>\n<link rel=\"canonical\" href=\"https:\/\/pelgaard.dk\/de\/gegengewicht\/\" \/>\n<meta property=\"og:locale\" content=\"de_DE\" \/>\n<meta property=\"og:type\" content=\"article\" \/>\n<meta property=\"og:title\" content=\"Gegengewicht &middot; P. Elgaard eftf. ApS\" \/>\n<meta property=\"og:description\" content=\"[vc_row full_width=&#8220;stretch_row&#8220;][vc_column][vc_row_inner][vc_column_inner offset=&#8220;vc_col-lg-8 vc_col-md-8 vc_col-xs-12&#8243;][vc_column_text] Lesen Sie mehr \u00fcber Gegengewicht Das Gegengewicht wird standardm\u00e4\u00dfig in 4 verschiedenen Gr\u00f6\u00dfen geliefert. Es besteht aus wei\u00dfem oder grauem Jamoflex-Schlauch mit einer Edelstahlhalterung f\u00fcr einen Fahnenhaken. Sie k\u00f6nnen einen C-Haken oder Karabiner kaufen. Weitere Informationen erhalten Sie hier. Weitere Informationen erhalten Sie, wenn Sie hier klicken.[\/vc_column_text][vc_empty_space height=&#8220;30px&#8220;][vc_media_grid gap=&#8220;15&#8243; grid_id=&#8220;vc_gid:1648538106527-e5cd20c7-bc0f-0&#8243; ... Weiterlesen ...\" \/>\n<meta property=\"og:url\" content=\"https:\/\/pelgaard.dk\/de\/gegengewicht\/\" \/>\n<meta property=\"og:site_name\" content=\"P. Elgaard eftf. ApS\" \/>\n<meta property=\"article:modified_time\" content=\"2023-01-31T17:25:26+00:00\" \/>\n<meta property=\"og:image\" content=\"https:\/\/pelgaard.dk\/wp-content\/uploads\/2022\/03\/dsc06315-867.jpg\" \/>\n\t<meta property=\"og:image:width\" content=\"1500\" \/>\n\t<meta property=\"og:image:height\" content=\"1052\" \/>\n\t<meta property=\"og:image:type\" content=\"image\/jpeg\" \/>\n<meta name=\"twitter:card\" content=\"summary_large_image\" \/>\n<meta name=\"twitter:label1\" content=\"Gesch\u00e4tzte Lesezeit\" \/>\n\t<meta name=\"twitter:data1\" content=\"1\u00a0Minute\" \/>\n<script type=\"application\/ld+json\" class=\"yoast-schema-graph\">{\"@context\":\"https:\/\/schema.org\",\"@graph\":[{\"@type\":\"WebPage\",\"@id\":\"https:\/\/pelgaard.dk\/de\/gegengewicht\/\",\"url\":\"https:\/\/pelgaard.dk\/de\/gegengewicht\/\",\"name\":\"Gegengewicht &middot; P. Elgaard eftf. ApS\",\"isPartOf\":{\"@id\":\"https:\/\/pelgaard.dk\/de\/#website\"},\"datePublished\":\"2022-03-28T11:49:31+00:00\",\"dateModified\":\"2023-01-31T17:25:26+00:00\",\"breadcrumb\":{\"@id\":\"https:\/\/pelgaard.dk\/de\/gegengewicht\/#breadcrumb\"},\"inLanguage\":\"de\",\"potentialAction\":[{\"@type\":\"ReadAction\",\"target\":[\"https:\/\/pelgaard.dk\/de\/gegengewicht\/\"]}]},{\"@type\":\"BreadcrumbList\",\"@id\":\"https:\/\/pelgaard.dk\/de\/gegengewicht\/#breadcrumb\",\"itemListElement\":[{\"@type\":\"ListItem\",\"position\":1,\"name\":\"Hjem\",\"item\":\"https:\/\/pelgaard.dk\/de\/\"},{\"@type\":\"ListItem\",\"position\":2,\"name\":\"Gegengewicht\"}]},{\"@type\":\"WebSite\",\"@id\":\"https:\/\/pelgaard.dk\/de\/#website\",\"url\":\"https:\/\/pelgaard.dk\/de\/\",\"name\":\"P. Elgaard eftf. ApS\",\"description\":\"Bannersystemer, flagstangsbeslag og tyverisikring i Hj\u00f8rring\",\"publisher\":{\"@id\":\"https:\/\/pelgaard.dk\/de\/#organization\"},\"potentialAction\":[{\"@type\":\"SearchAction\",\"target\":{\"@type\":\"EntryPoint\",\"urlTemplate\":\"https:\/\/pelgaard.dk\/de\/?s={search_term_string}\"},\"query-input\":\"required name=search_term_string\"}],\"inLanguage\":\"de\"},{\"@type\":\"Organization\",\"@id\":\"https:\/\/pelgaard.dk\/de\/#organization\",\"name\":\"P. Elgaard eftf. ApS\",\"url\":\"https:\/\/pelgaard.dk\/de\/\",\"logo\":{\"@type\":\"ImageObject\",\"inLanguage\":\"de\",\"@id\":\"https:\/\/pelgaard.dk\/de\/#\/schema\/logo\/image\/\",\"url\":\"https:\/\/pelgaard.dk\/wp-content\/uploads\/2022\/03\/logo-9.png\",\"contentUrl\":\"https:\/\/pelgaard.dk\/wp-content\/uploads\/2022\/03\/logo-9.png\",\"width\":361,\"height\":66,\"caption\":\"P. Elgaard eftf. ApS\"},\"image\":{\"@id\":\"https:\/\/pelgaard.dk\/de\/#\/schema\/logo\/image\/\"}}]}<\/script>\n<!-- \/ Yoast SEO plugin. -->","yoast_head_json":{"title":"Gegengewicht &middot; P. Elgaard eftf. ApS","robots":{"index":"index","follow":"follow","max-snippet":"max-snippet:-1","max-image-preview":"max-image-preview:large","max-video-preview":"max-video-preview:-1"},"canonical":"https:\/\/pelgaard.dk\/de\/gegengewicht\/","og_locale":"de_DE","og_type":"article","og_title":"Gegengewicht &middot; P. Elgaard eftf. ApS","og_description":"[vc_row full_width=&#8220;stretch_row&#8220;][vc_column][vc_row_inner][vc_column_inner offset=&#8220;vc_col-lg-8 vc_col-md-8 vc_col-xs-12&#8243;][vc_column_text] Lesen Sie mehr \u00fcber Gegengewicht Das Gegengewicht wird standardm\u00e4\u00dfig in 4 verschiedenen Gr\u00f6\u00dfen geliefert. Es besteht aus wei\u00dfem oder grauem Jamoflex-Schlauch mit einer Edelstahlhalterung f\u00fcr einen Fahnenhaken. Sie k\u00f6nnen einen C-Haken oder Karabiner kaufen. Weitere Informationen erhalten Sie hier. Weitere Informationen erhalten Sie, wenn Sie hier klicken.[\/vc_column_text][vc_empty_space height=&#8220;30px&#8220;][vc_media_grid gap=&#8220;15&#8243; grid_id=&#8220;vc_gid:1648538106527-e5cd20c7-bc0f-0&#8243; ... Weiterlesen ...","og_url":"https:\/\/pelgaard.dk\/de\/gegengewicht\/","og_site_name":"P. Elgaard eftf. ApS","article_modified_time":"2023-01-31T17:25:26+00:00","og_image":[{"width":1500,"height":1052,"url":"https:\/\/pelgaard.dk\/wp-content\/uploads\/2022\/03\/dsc06315-867.jpg","type":"image\/jpeg"}],"twitter_card":"summary_large_image","twitter_misc":{"Gesch\u00e4tzte Lesezeit":"1\u00a0Minute"},"schema":{"@context":"https:\/\/schema.org","@graph":[{"@type":"WebPage","@id":"https:\/\/pelgaard.dk\/de\/gegengewicht\/","url":"https:\/\/pelgaard.dk\/de\/gegengewicht\/","name":"Gegengewicht &middot; P. Elgaard eftf. ApS","isPartOf":{"@id":"https:\/\/pelgaard.dk\/de\/#website"},"datePublished":"2022-03-28T11:49:31+00:00","dateModified":"2023-01-31T17:25:26+00:00","breadcrumb":{"@id":"https:\/\/pelgaard.dk\/de\/gegengewicht\/#breadcrumb"},"inLanguage":"de","potentialAction":[{"@type":"ReadAction","target":["https:\/\/pelgaard.dk\/de\/gegengewicht\/"]}]},{"@type":"BreadcrumbList","@id":"https:\/\/pelgaard.dk\/de\/gegengewicht\/#breadcrumb","itemListElement":[{"@type":"ListItem","position":1,"name":"Hjem","item":"https:\/\/pelgaard.dk\/de\/"},{"@type":"ListItem","position":2,"name":"Gegengewicht"}]},{"@type":"WebSite","@id":"https:\/\/pelgaard.dk\/de\/#website","url":"https:\/\/pelgaard.dk\/de\/","name":"P. Elgaard eftf. ApS","description":"Bannersystemer, flagstangsbeslag og tyverisikring i Hj\u00f8rring","publisher":{"@id":"https:\/\/pelgaard.dk\/de\/#organization"},"potentialAction":[{"@type":"SearchAction","target":{"@type":"EntryPoint","urlTemplate":"https:\/\/pelgaard.dk\/de\/?s={search_term_string}"},"query-input":"required name=search_term_string"}],"inLanguage":"de"},{"@type":"Organization","@id":"https:\/\/pelgaard.dk\/de\/#organization","name":"P. Elgaard eftf. ApS","url":"https:\/\/pelgaard.dk\/de\/","logo":{"@type":"ImageObject","inLanguage":"de","@id":"https:\/\/pelgaard.dk\/de\/#\/schema\/logo\/image\/","url":"https:\/\/pelgaard.dk\/wp-content\/uploads\/2022\/03\/logo-9.png","contentUrl":"https:\/\/pelgaard.dk\/wp-content\/uploads\/2022\/03\/logo-9.png","width":361,"height":66,"caption":"P. Elgaard eftf. ApS"},"image":{"@id":"https:\/\/pelgaard.dk\/de\/#\/schema\/logo\/image\/"}}]}},"_links":{"self":[{"href":"https:\/\/pelgaard.dk\/de\/wp-json\/wp\/v2\/pages\/3870"}],"collection":[{"href":"https:\/\/pelgaard.dk\/de\/wp-json\/wp\/v2\/pages"}],"about":[{"href":"https:\/\/pelgaard.dk\/de\/wp-json\/wp\/v2\/types\/page"}],"author":[{"embeddable":true,"href":"https:\/\/pelgaard.dk\/de\/wp-json\/wp\/v2\/users\/1"}],"replies":[{"embeddable":true,"href":"https:\/\/pelgaard.dk\/de\/wp-json\/wp\/v2\/comments?post=3870"}],"version-history":[{"count":2,"href":"https:\/\/pelgaard.dk\/de\/wp-json\/wp\/v2\/pages\/3870\/revisions"}],"predecessor-version":[{"id":3872,"href":"https:\/\/pelgaard.dk\/de\/wp-json\/wp\/v2\/pages\/3870\/revisions\/3872"}],"wp:featuredmedia":[{"embeddable":true,"href":"https:\/\/pelgaard.dk\/de\/wp-json\/wp\/v2\/media\/3578"}],"wp:attachment":[{"href":"https:\/\/pelgaard.dk\/de\/wp-json\/wp\/v2\/media?parent=3870"}],"wp:term":[{"taxonomy":"category","embeddable":true,"href":"https:\/\/pelgaard.dk\/de\/wp-json\/wp\/v2\/categories?post=3870"}],"curies":[{"name":"wp","href":"https:\/\/api.w.org\/{rel}","templated":true}]}}