{"id":3897,"date":"2022-03-28T13:49:31","date_gmt":"2022-03-28T11:49:31","guid":{"rendered":"https:\/\/pelgaard.dk\/fahnen-oder-banner\/"},"modified":"2023-01-31T18:42:37","modified_gmt":"2023-01-31T17:42:37","slug":"fahnen-oder-banner","status":"publish","type":"page","link":"https:\/\/pelgaard.dk\/de\/fahnen-oder-banner\/","title":{"rendered":"Fahnen oder Banner"},"content":{"rendered":"<section class=\"wpb-content-wrapper\"><p>[vc_row full_width=&#8220;stretch_row&#8220;][vc_column]<div class=\"ult-spacer spacer-69f56e8114b2b\" data-id=\"69f56e8114b2b\" data-height=\"90\" data-height-mobile=\"60\" data-height-tab=\"90\" data-height-tab-portrait=\"60\" data-height-mobile-landscape=\"60\" style=\"clear:both;display:block;\"><\/div>[vc_row_inner][vc_column_inner offset=&#8220;vc_col-lg-8 vc_col-md-8 vc_col-xs-12&#8243;][vc_column_text]<\/p>\n<h2>Lesen Sie mehr \u00fcber Fahnen oder Banner<\/h2>\n<p>W\u00fcnschen Sie ein Angebot \u00fcber Fahnen oder Banner, k\u00f6nnen wir Ihnen die Firma L &amp; S FLAG empfehlen.<\/p>\n<p><a href=\"http:\/\/www.dkflag.dk%E2%80%8B\" target=\"_blank\" rel=\"noopener\">www.dkflag.dk\u200b<\/a>[\/vc_column_text]<div class=\"ult-spacer spacer-69f56e8114b75\" data-id=\"69f56e8114b75\" data-height=\"0\" data-height-mobile=\"30\" data-height-tab=\"0\" data-height-tab-portrait=\"30\" data-height-mobile-landscape=\"30\" style=\"clear:both;display:block;\"><\/div>[\/vc_column_inner][vc_column_inner offset=&#8220;vc_col-lg-4 vc_col-md-4 vc_col-xs-12&#8243;][vc_widget_sidebar sidebar_id=&#8220;sidebar-1&#8243; el_class=&#8220;contact-sidebar&#8220;][\/vc_column_inner][\/vc_row_inner]<div class=\"ult-spacer spacer-69f56e8114b99\" data-id=\"69f56e8114b99\" data-height=\"90\" data-height-mobile=\"60\" data-height-tab=\"90\" data-height-tab-portrait=\"60\" data-height-mobile-landscape=\"60\" style=\"clear:both;display:block;\"><\/div>[\/vc_column][\/vc_row]<\/p>\n<\/section>","protected":false},"excerpt":{"rendered":"<p>[vc_row full_width=&#8220;stretch_row&#8220;][vc_column][vc_row_inner][vc_column_inner offset=&#8220;vc_col-lg-8 vc_col-md-8 vc_col-xs-12&#8243;][vc_column_text] Lesen Sie mehr \u00fcber Fahnen oder Banner W\u00fcnschen Sie ein Angebot \u00fcber Fahnen oder Banner, k\u00f6nnen wir Ihnen die Firma L &amp; S FLAG empfehlen. www.dkflag.dk\u200b[\/vc_column_text][\/vc_column_inner][vc_column_inner offset=&#8220;vc_col-lg-4 vc_col-md-4 vc_col-xs-12&#8243;][vc_widget_sidebar sidebar_id=&#8220;sidebar-1&#8243; el_class=&#8220;contact-sidebar&#8220;][\/vc_column_inner][\/vc_row_inner][\/vc_column][\/vc_row]<\/p>\n","protected":false},"author":1,"featured_media":0,"parent":0,"menu_order":11,"comment_status":"closed","ping_status":"closed","template":"","meta":{"_acf_changed":false,"footnotes":""},"categories":[34],"acf":[],"yoast_head":"<!-- This site is optimized with the Yoast SEO plugin v20.10 - https:\/\/yoast.com\/wordpress\/plugins\/seo\/ -->\n<title>Fahnen oder Banner &middot; P. Elgaard eftf. ApS<\/title>\n<meta name=\"robots\" content=\"index, follow, max-snippet:-1, max-image-preview:large, max-video-preview:-1\" \/>\n<link rel=\"canonical\" href=\"https:\/\/pelgaard.dk\/de\/fahnen-oder-banner\/\" \/>\n<meta property=\"og:locale\" content=\"de_DE\" \/>\n<meta property=\"og:type\" content=\"article\" \/>\n<meta property=\"og:title\" content=\"Fahnen oder Banner &middot; P. Elgaard eftf. ApS\" \/>\n<meta property=\"og:description\" content=\"[vc_row full_width=&#8220;stretch_row&#8220;][vc_column][vc_row_inner][vc_column_inner offset=&#8220;vc_col-lg-8 vc_col-md-8 vc_col-xs-12&#8243;][vc_column_text] Lesen Sie mehr \u00fcber Fahnen oder Banner W\u00fcnschen Sie ein Angebot \u00fcber Fahnen oder Banner, k\u00f6nnen wir Ihnen die Firma L &amp; S FLAG empfehlen. www.dkflag.dk\u200b[\/vc_column_text][\/vc_column_inner][vc_column_inner offset=&#8220;vc_col-lg-4 vc_col-md-4 vc_col-xs-12&#8243;][vc_widget_sidebar sidebar_id=&#8220;sidebar-1&#8243; el_class=&#8220;contact-sidebar&#8220;][\/vc_column_inner][\/vc_row_inner][\/vc_column][\/vc_row]\" \/>\n<meta property=\"og:url\" content=\"https:\/\/pelgaard.dk\/de\/fahnen-oder-banner\/\" \/>\n<meta property=\"og:site_name\" content=\"P. Elgaard eftf. ApS\" \/>\n<meta property=\"article:modified_time\" content=\"2023-01-31T17:42:37+00:00\" \/>\n<meta name=\"twitter:card\" content=\"summary_large_image\" \/>\n<meta name=\"twitter:label1\" content=\"Gesch\u00e4tzte Lesezeit\" \/>\n\t<meta name=\"twitter:data1\" content=\"1\u00a0Minute\" \/>\n<script type=\"application\/ld+json\" class=\"yoast-schema-graph\">{\"@context\":\"https:\/\/schema.org\",\"@graph\":[{\"@type\":\"WebPage\",\"@id\":\"https:\/\/pelgaard.dk\/de\/fahnen-oder-banner\/\",\"url\":\"https:\/\/pelgaard.dk\/de\/fahnen-oder-banner\/\",\"name\":\"Fahnen oder Banner &middot; P. Elgaard eftf. ApS\",\"isPartOf\":{\"@id\":\"https:\/\/pelgaard.dk\/de\/#website\"},\"datePublished\":\"2022-03-28T11:49:31+00:00\",\"dateModified\":\"2023-01-31T17:42:37+00:00\",\"breadcrumb\":{\"@id\":\"https:\/\/pelgaard.dk\/de\/fahnen-oder-banner\/#breadcrumb\"},\"inLanguage\":\"de\",\"potentialAction\":[{\"@type\":\"ReadAction\",\"target\":[\"https:\/\/pelgaard.dk\/de\/fahnen-oder-banner\/\"]}]},{\"@type\":\"BreadcrumbList\",\"@id\":\"https:\/\/pelgaard.dk\/de\/fahnen-oder-banner\/#breadcrumb\",\"itemListElement\":[{\"@type\":\"ListItem\",\"position\":1,\"name\":\"Hjem\",\"item\":\"https:\/\/pelgaard.dk\/de\/\"},{\"@type\":\"ListItem\",\"position\":2,\"name\":\"Fahnen oder Banner\"}]},{\"@type\":\"WebSite\",\"@id\":\"https:\/\/pelgaard.dk\/de\/#website\",\"url\":\"https:\/\/pelgaard.dk\/de\/\",\"name\":\"P. Elgaard eftf. ApS\",\"description\":\"Bannersystemer, flagstangsbeslag og tyverisikring i Hj\u00f8rring\",\"publisher\":{\"@id\":\"https:\/\/pelgaard.dk\/de\/#organization\"},\"potentialAction\":[{\"@type\":\"SearchAction\",\"target\":{\"@type\":\"EntryPoint\",\"urlTemplate\":\"https:\/\/pelgaard.dk\/de\/?s={search_term_string}\"},\"query-input\":\"required name=search_term_string\"}],\"inLanguage\":\"de\"},{\"@type\":\"Organization\",\"@id\":\"https:\/\/pelgaard.dk\/de\/#organization\",\"name\":\"P. Elgaard eftf. ApS\",\"url\":\"https:\/\/pelgaard.dk\/de\/\",\"logo\":{\"@type\":\"ImageObject\",\"inLanguage\":\"de\",\"@id\":\"https:\/\/pelgaard.dk\/de\/#\/schema\/logo\/image\/\",\"url\":\"https:\/\/pelgaard.dk\/wp-content\/uploads\/2022\/03\/logo-9.png\",\"contentUrl\":\"https:\/\/pelgaard.dk\/wp-content\/uploads\/2022\/03\/logo-9.png\",\"width\":361,\"height\":66,\"caption\":\"P. Elgaard eftf. ApS\"},\"image\":{\"@id\":\"https:\/\/pelgaard.dk\/de\/#\/schema\/logo\/image\/\"}}]}<\/script>\n<!-- \/ Yoast SEO plugin. -->","yoast_head_json":{"title":"Fahnen oder Banner &middot; P. Elgaard eftf. ApS","robots":{"index":"index","follow":"follow","max-snippet":"max-snippet:-1","max-image-preview":"max-image-preview:large","max-video-preview":"max-video-preview:-1"},"canonical":"https:\/\/pelgaard.dk\/de\/fahnen-oder-banner\/","og_locale":"de_DE","og_type":"article","og_title":"Fahnen oder Banner &middot; P. Elgaard eftf. ApS","og_description":"[vc_row full_width=&#8220;stretch_row&#8220;][vc_column][vc_row_inner][vc_column_inner offset=&#8220;vc_col-lg-8 vc_col-md-8 vc_col-xs-12&#8243;][vc_column_text] Lesen Sie mehr \u00fcber Fahnen oder Banner W\u00fcnschen Sie ein Angebot \u00fcber Fahnen oder Banner, k\u00f6nnen wir Ihnen die Firma L &amp; S FLAG empfehlen. www.dkflag.dk\u200b[\/vc_column_text][\/vc_column_inner][vc_column_inner offset=&#8220;vc_col-lg-4 vc_col-md-4 vc_col-xs-12&#8243;][vc_widget_sidebar sidebar_id=&#8220;sidebar-1&#8243; el_class=&#8220;contact-sidebar&#8220;][\/vc_column_inner][\/vc_row_inner][\/vc_column][\/vc_row]","og_url":"https:\/\/pelgaard.dk\/de\/fahnen-oder-banner\/","og_site_name":"P. Elgaard eftf. ApS","article_modified_time":"2023-01-31T17:42:37+00:00","twitter_card":"summary_large_image","twitter_misc":{"Gesch\u00e4tzte Lesezeit":"1\u00a0Minute"},"schema":{"@context":"https:\/\/schema.org","@graph":[{"@type":"WebPage","@id":"https:\/\/pelgaard.dk\/de\/fahnen-oder-banner\/","url":"https:\/\/pelgaard.dk\/de\/fahnen-oder-banner\/","name":"Fahnen oder Banner &middot; P. Elgaard eftf. ApS","isPartOf":{"@id":"https:\/\/pelgaard.dk\/de\/#website"},"datePublished":"2022-03-28T11:49:31+00:00","dateModified":"2023-01-31T17:42:37+00:00","breadcrumb":{"@id":"https:\/\/pelgaard.dk\/de\/fahnen-oder-banner\/#breadcrumb"},"inLanguage":"de","potentialAction":[{"@type":"ReadAction","target":["https:\/\/pelgaard.dk\/de\/fahnen-oder-banner\/"]}]},{"@type":"BreadcrumbList","@id":"https:\/\/pelgaard.dk\/de\/fahnen-oder-banner\/#breadcrumb","itemListElement":[{"@type":"ListItem","position":1,"name":"Hjem","item":"https:\/\/pelgaard.dk\/de\/"},{"@type":"ListItem","position":2,"name":"Fahnen oder Banner"}]},{"@type":"WebSite","@id":"https:\/\/pelgaard.dk\/de\/#website","url":"https:\/\/pelgaard.dk\/de\/","name":"P. Elgaard eftf. ApS","description":"Bannersystemer, flagstangsbeslag og tyverisikring i Hj\u00f8rring","publisher":{"@id":"https:\/\/pelgaard.dk\/de\/#organization"},"potentialAction":[{"@type":"SearchAction","target":{"@type":"EntryPoint","urlTemplate":"https:\/\/pelgaard.dk\/de\/?s={search_term_string}"},"query-input":"required name=search_term_string"}],"inLanguage":"de"},{"@type":"Organization","@id":"https:\/\/pelgaard.dk\/de\/#organization","name":"P. Elgaard eftf. ApS","url":"https:\/\/pelgaard.dk\/de\/","logo":{"@type":"ImageObject","inLanguage":"de","@id":"https:\/\/pelgaard.dk\/de\/#\/schema\/logo\/image\/","url":"https:\/\/pelgaard.dk\/wp-content\/uploads\/2022\/03\/logo-9.png","contentUrl":"https:\/\/pelgaard.dk\/wp-content\/uploads\/2022\/03\/logo-9.png","width":361,"height":66,"caption":"P. Elgaard eftf. ApS"},"image":{"@id":"https:\/\/pelgaard.dk\/de\/#\/schema\/logo\/image\/"}}]}},"_links":{"self":[{"href":"https:\/\/pelgaard.dk\/de\/wp-json\/wp\/v2\/pages\/3897"}],"collection":[{"href":"https:\/\/pelgaard.dk\/de\/wp-json\/wp\/v2\/pages"}],"about":[{"href":"https:\/\/pelgaard.dk\/de\/wp-json\/wp\/v2\/types\/page"}],"author":[{"embeddable":true,"href":"https:\/\/pelgaard.dk\/de\/wp-json\/wp\/v2\/users\/1"}],"replies":[{"embeddable":true,"href":"https:\/\/pelgaard.dk\/de\/wp-json\/wp\/v2\/comments?post=3897"}],"version-history":[{"count":2,"href":"https:\/\/pelgaard.dk\/de\/wp-json\/wp\/v2\/pages\/3897\/revisions"}],"predecessor-version":[{"id":3899,"href":"https:\/\/pelgaard.dk\/de\/wp-json\/wp\/v2\/pages\/3897\/revisions\/3899"}],"wp:attachment":[{"href":"https:\/\/pelgaard.dk\/de\/wp-json\/wp\/v2\/media?parent=3897"}],"wp:term":[{"taxonomy":"category","embeddable":true,"href":"https:\/\/pelgaard.dk\/de\/wp-json\/wp\/v2\/categories?post=3897"}],"curies":[{"name":"wp","href":"https:\/\/api.w.org\/{rel}","templated":true}]}}